{"id":5017,"date":"2023-03-09T15:12:48","date_gmt":"2021-03-09T14:11:37","guid":{"rendered":"https:\/\/ucenea.com\/site\/index.php\/services\/"},"modified":"2023-11-02T15:31:46","modified_gmt":"2023-11-02T15:31:46","slug":"services","status":"publish","type":"page","link":"https:\/\/ucenea.com\/site\/index.php\/services\/","title":{"rendered":"Servicios"},"content":{"rendered":"\t\t<div data-elementor-type=\"wp-page\" data-elementor-id=\"5017\" class=\"elementor elementor-5017\">\n\t\t\t\t\t\t\t\t\t<section class=\"elementor-section elementor-top-section elementor-element elementor-element-3742f6c elementor-section-boxed elementor-section-height-default elementor-section-height-default\" data-id=\"3742f6c\" data-element_type=\"section\">\n\t\t\t\t\t\t<div class=\"elementor-container elementor-column-gap-default\">\n\t\t\t\t\t<div class=\"elementor-column elementor-col-100 elementor-top-column elementor-element elementor-element-5cc0974\" data-id=\"5cc0974\" data-element_type=\"column\">\n\t\t\t<div class=\"elementor-widget-wrap elementor-element-populated\">\n\t\t\t\t\t\t\t\t<div class=\"elementor-element elementor-element-a6f7a28 elementor-widget elementor-widget-heading\" data-id=\"a6f7a28\" data-element_type=\"widget\" data-widget_type=\"heading.default\">\n\t\t\t\t<div class=\"elementor-widget-container\">\n\t\t\t<style>\/*! elementor - v3.11.3 - 07-03-2023 *\/\n.elementor-heading-title{padding:0;margin:0;line-height:1}.elementor-widget-heading .elementor-heading-title[class*=elementor-size-]>a{color:inherit;font-size:inherit;line-height:inherit}.elementor-widget-heading .elementor-heading-title.elementor-size-small{font-size:15px}.elementor-widget-heading .elementor-heading-title.elementor-size-medium{font-size:19px}.elementor-widget-heading .elementor-heading-title.elementor-size-large{font-size:29px}.elementor-widget-heading .elementor-heading-title.elementor-size-xl{font-size:39px}.elementor-widget-heading .elementor-heading-title.elementor-size-xxl{font-size:59px}<\/style><h5 class=\"elementor-heading-title elementor-size-default\"><a href=\"https:\/\/ucenea.com\/site\/?p=5602\"><u>Reglamento General del Centro de Educaci\u00f3n Avanzada del Oriente de M\u00e9xico (CENEA)<\/u><\/a><\/h5>\t\t<\/div>\n\t\t\t\t<\/div>\n\t\t\t\t\t<\/div>\n\t\t<\/div>\n\t\t\t\t\t\t\t<\/div>\n\t\t<\/section>\n\t\t\t\t<section class=\"elementor-section elementor-top-section elementor-element elementor-element-7ad91d91 elementor-section-boxed elementor-section-height-default elementor-section-height-default\" data-id=\"7ad91d91\" data-element_type=\"section\">\n\t\t\t\t\t\t<div class=\"elementor-container elementor-column-gap-default\">\n\t\t\t\t\t<div class=\"elementor-column elementor-col-100 elementor-top-column elementor-element elementor-element-21dcee70\" data-id=\"21dcee70\" data-element_type=\"column\">\n\t\t\t<div class=\"elementor-widget-wrap elementor-element-populated\">\n\t\t\t\t\t\t\t\t<div class=\"elementor-element elementor-element-4584a3ba elementor-widget elementor-widget-text-editor\" data-id=\"4584a3ba\" data-element_type=\"widget\" data-widget_type=\"text-editor.default\">\n\t\t\t\t<div class=\"elementor-widget-container\">\n\t\t\t<style>\/*! elementor - v3.11.3 - 07-03-2023 *\/\n.elementor-widget-text-editor.elementor-drop-cap-view-stacked .elementor-drop-cap{background-color:#818a91;color:#fff}.elementor-widget-text-editor.elementor-drop-cap-view-framed .elementor-drop-cap{color:#818a91;border:3px solid;background-color:transparent}.elementor-widget-text-editor:not(.elementor-drop-cap-view-default) .elementor-drop-cap{margin-top:8px}.elementor-widget-text-editor:not(.elementor-drop-cap-view-default) .elementor-drop-cap-letter{width:1em;height:1em}.elementor-widget-text-editor .elementor-drop-cap{float:left;text-align:center;line-height:1;font-size:50px}.elementor-widget-text-editor .elementor-drop-cap-letter{display:inline-block}<\/style>\t\t\t\t<p><!-- wp:paragraph --><\/p>\n<h5><span style=\"font-style: inherit; background-color: var(--ast-global-color-5); color: #000000;\"><b>Servicios para nuestra comunidad acad\u00e9mica<\/b><\/span><\/h5>\n<p><span style=\"font-style: inherit; background-color: var(--ast-global-color-5); color: #000000;\">CENEA proporciona a toda la comunidad acad\u00e9mica los siguientes servicios:<\/span><\/p>\n<p><!-- \/wp:paragraph --><\/p>\n<p><!-- wp:columns {\"backgroundColor\":\"gray\"} --><\/p>\n<div class=\"wp-block-columns has-gray-background-color has-background\">\n<p><!-- wp:column --><\/p>\n<div class=\"wp-block-column\">\n<p><!-- wp:heading {\"textAlign\":\"center\",\"level\":3} --><\/p>\n<h4 id=\"h-basic\" class=\"has-text-align-center\" style=\"text-align: center;\">Biblioteca digital<\/h4>\n<p><!-- \/wp:heading --><\/p>\n<p><!-- wp:paragraph {\"align\":\"center\"} --><\/p>\n<p class=\"has-text-align-center\" style=\"text-align: center;\">CENEA Digital Library<\/p>\n<p><!-- \/wp:paragraph --><\/p>\n<p><!-- wp:paragraph {\"align\":\"center\"} --><\/p>\n<p class=\"has-text-align-center\"><a href=\"https:\/\/ucenea.com\/virtual\/\"><img decoding=\"async\" loading=\"lazy\" width=\"100\" height=\"100\" class=\"wp-image-4969 aligncenter\" style=\"width: 100px;\" src=\"https:\/\/ucenea.com\/site\/wp-content\/uploads\/2022\/06\/Book-Icon-1.png\" alt=\"\" \/><\/a><\/p>\n<p><!-- \/wp:paragraph --><\/p>\n<p><!-- wp:list --><\/p>\n<ul>\n<li style=\"list-style-type: none;\">\n<ul><!-- wp:list-item --><\/ul>\n<\/li>\n<\/ul>\n<ul>\n<li style=\"list-style-type: none;\">\n<ul>\n<li>+100 000 libros<\/li>\n<\/ul>\n<\/li>\n<\/ul>\n<p><!-- \/wp:list-item --><\/p>\n<p><!-- wp:list-item --><\/p>\n<ul>\n<li style=\"list-style-type: none;\">\n<ul>\n<li>+ 3 000 tem\u00e1ticas<\/li>\n<\/ul>\n<\/li>\n<\/ul>\n<p><!-- \/wp:list-item --><\/p>\n<p><!-- wp:list-item --><\/p>\n<ul>\n<li style=\"list-style-type: none;\">\n<ul>\n<li>+ 8 000 art\u00edculos cient\u00edficos<\/li>\n<\/ul>\n<\/li>\n<\/ul>\n<p><a class=\"wp-block-button__link wp-element-button\" href=\"https:\/\/ucenea.com\/virtual\" target=\"_blank\" rel=\"noreferrer noopener\">Ir a la biblioteca digital<\/a><\/p>\n<\/div>\n<p><!-- \/wp:column --><\/p>\n<p><!-- wp:column --><\/p>\n<div class=\"wp-block-column\">\n<p><!-- wp:heading {\"textAlign\":\"center\",\"level\":4} --><\/p>\n<h4 id=\"h-agency\" class=\"has-text-align-center\" style=\"text-align: center;\">EVA CENEA<\/h4>\n<p><!-- \/wp:heading --><\/p>\n<p><!-- wp:paragraph {\"align\":\"center\"} --><\/p>\n<p class=\"has-text-align-center\" style=\"text-align: center;\">Entorno virtual CENEA<\/p>\n<p><!-- \/wp:paragraph --><\/p>\n<p><!-- wp:image {\"align\":\"center\",\"id\":4652,\"sizeSlug\":\"full\",\"linkDestination\":\"custom\"} --><\/p>\n<figure class=\"wp-block-image aligncenter size-full\"><a href=\"https:\/\/ucenea.com\/virtual\/\" target=\"_blank\" rel=\"EVA CENEA noopener\"><img decoding=\"async\" loading=\"lazy\" width=\"100\" height=\"100\" class=\"wp-image-4652 aligncenter\" src=\"https:\/\/ucenea.com\/site\/wp-content\/uploads\/2022\/06\/Cap-2.png\" alt=\"\" \/><\/a><\/figure>\n<p><!-- \/wp:image --><\/p>\n<p><!-- wp:list --><\/p>\n<ul>\n<li style=\"list-style-type: none;\">\n<ul><!-- wp:list-item --><\/ul>\n<\/li>\n<\/ul>\n<ul>\n<li style=\"list-style-type: none;\">\n<ul>\n<li>Material de tus cursos<\/li>\n<\/ul>\n<\/li>\n<\/ul>\n<p><!-- \/wp:list-item --><\/p>\n<p><!-- wp:list-item --><\/p>\n<ul>\n<li style=\"list-style-type: none;\">\n<ul>\n<li>Actividades, Foros, Chats<\/li>\n<\/ul>\n<\/li>\n<\/ul>\n<p><!-- \/wp:list-item --><\/p>\n<p><!-- wp:list-item --><\/p>\n<ul>\n<li style=\"list-style-type: none;\">\n<ul>\n<li>Contacto con el docente<\/li>\n<\/ul>\n<\/li>\n<\/ul>\n<p><a class=\"wp-block-button__link wp-element-button\" href=\"https:\/\/ucenea.com\/virtual\" target=\"_blank\" rel=\"noreferrer noopener\">Ir al entorno de aprendizaje<\/a><\/p>\n<p><!-- \/wp:list-item --><\/p>\n<p><!-- \/wp:list --><\/p>\n<\/div>\n<p><!-- \/wp:column --><\/p>\n<p><!-- wp:column --><\/p>\n<div class=\"wp-block-column\">\n<p><!-- wp:heading {\"textAlign\":\"center\",\"level\":4} --><\/p>\n<h4 id=\"h-pro\" class=\"has-text-align-center\" style=\"text-align: center;\">SGA<\/h4>\n<p><!-- \/wp:heading --><\/p>\n<p><!-- wp:paragraph {\"align\":\"center\"} --><\/p>\n<p class=\"has-text-align-center\" style=\"text-align: center;\">Sistema acad\u00e9mico a1-academia<\/p>\n<p><!-- \/wp:paragraph --><\/p>\n<p><!-- wp:image {\"align\":\"center\",\"id\":5106,\"width\":113,\"height\":113,\"sizeSlug\":\"full\",\"linkDestination\":\"none\"} --><\/p>\n<figure class=\"wp-block-image aligncenter size-full is-resized\"><a href=\"https:\/\/ucenea.a1academia.net\/coweb\/?locale=es_MX#\"><img decoding=\"async\" loading=\"lazy\" class=\"wp-image-5106 aligncenter\" src=\"https:\/\/ucenea.com\/site\/wp-content\/uploads\/2023\/03\/a1-icono-512x512-Transparente.png\" alt=\"\" width=\"113\" height=\"113\" srcset=\"https:\/\/ucenea.com\/site\/wp-content\/uploads\/2023\/03\/a1-icono-512x512-Transparente.png 512w, https:\/\/ucenea.com\/site\/wp-content\/uploads\/2023\/03\/a1-icono-512x512-Transparente-300x300.png 300w, https:\/\/ucenea.com\/site\/wp-content\/uploads\/2023\/03\/a1-icono-512x512-Transparente-150x150.png 150w\" sizes=\"(max-width: 113px) 100vw, 113px\" \/><\/a><\/figure>\n<p><!-- \/wp:image --><\/p>\n<p><!-- wp:list --><\/p>\n<ul>\n<li style=\"list-style-type: none;\">\n<ul><!-- wp:list-item --><\/ul>\n<\/li>\n<\/ul>\n<ul>\n<li style=\"list-style-type: none;\">\n<ul>\n<li>Admisiones<\/li>\n<\/ul>\n<\/li>\n<\/ul>\n<p><!-- \/wp:list-item --><\/p>\n<p><!-- wp:list-item --><\/p>\n<ul>\n<li style=\"list-style-type: none;\">\n<ul>\n<li>SGA<\/li>\n<\/ul>\n<\/li>\n<\/ul>\n<p><a class=\"wp-block-button__link wp-element-button\" href=\"https:\/\/ucenea.a1academia.net\/coweb\/?locale=es_MX#\" target=\"_blank\" rel=\"noreferrer noopener\">Ir al SGA a1-academia<\/a><\/p>\n<\/div>\n<\/div>\n<div class=\"wp-block-columns\">\n<div class=\"wp-block-column\">\n<div class=\"wp-block-buttons\">\n<p><!-- \/wp:button --><\/p>\n<\/div>\n<p><!-- \/wp:buttons --><\/p>\n<\/div>\n<\/div>\n<p><!-- \/wp:heading --><\/p>\t\t\t\t\t\t<\/div>\n\t\t\t\t<\/div>\n\t\t\t\t<div class=\"elementor-element elementor-element-dd7613c elementor-widget elementor-widget-text-editor\" data-id=\"dd7613c\" data-element_type=\"widget\" data-widget_type=\"text-editor.default\">\n\t\t\t\t<div class=\"elementor-widget-container\">\n\t\t\t\t\t\t\t<p><!-- wp:paragraph --><\/p>\n<div class=\"wp-block-columns has-gray-background-color has-background\">\n<div class=\"wp-block-column\">\n<h4 class=\"has-text-align-center\" style=\"text-align: center;\">Aula Central<\/h4>\n<p><!-- \/wp:heading --><\/p>\n<p><!-- wp:paragraph {\"align\":\"center\"} --><\/p>\n<p class=\"has-text-align-center\" style=\"text-align: center;\">Cursos de educaci\u00f3n continua listos para ti<\/p>\n<p><!-- \/wp:paragraph --><\/p>\n<p><!-- wp:paragraph {\"align\":\"center\"} --><\/p>\n<p class=\"has-text-align-center\"><img decoding=\"async\" loading=\"lazy\" class=\"wp-image-5219 size-medium aligncenter\" style=\"width: 100px;\" src=\"https:\/\/ucenea.com\/site\/wp-content\/uploads\/2023\/03\/aulacentral-300x230.png\" alt=\"\" width=\"300\" height=\"230\" srcset=\"https:\/\/ucenea.com\/site\/wp-content\/uploads\/2023\/03\/aulacentral-300x230.png 300w, https:\/\/ucenea.com\/site\/wp-content\/uploads\/2023\/03\/aulacentral-768x588.png 768w, https:\/\/ucenea.com\/site\/wp-content\/uploads\/2023\/03\/aulacentral.png 970w\" sizes=\"(max-width: 300px) 100vw, 300px\" \/><\/p>\n<p><!-- \/wp:paragraph --><\/p>\n<p><!-- wp:list --><\/p>\n<ul>\n<li style=\"list-style-type: none;\">\n<ul><!-- wp:list-item --><\/ul>\n<\/li>\n<\/ul>\n<ul>\n<li style=\"list-style-type: none;\">\n<ul>\n<li>+ 30 cursos<\/li>\n<\/ul>\n<\/li>\n<\/ul>\n<p><!-- \/wp:list-item --><\/p>\n<p><!-- wp:list-item --><\/p>\n<ul>\n<li style=\"list-style-type: none;\">\n<ul>\n<li>+ 10 tem\u00e1ticas<\/li>\n<\/ul>\n<\/li>\n<\/ul>\n<p><!-- \/wp:list-item --><\/p>\n<p><!-- wp:list-item --><\/p>\n<ul>\n<li style=\"list-style-type: none;\">\n<ul>\n<li>+ 20 profesores<\/li>\n<\/ul>\n<\/li>\n<\/ul>\n<p><a class=\"wp-block-button__link wp-element-button\" href=\"https:\/\/aulacentral.org\" target=\"_blank\" rel=\"noreferrer noopener\">Ir a AulaCentral<\/a><\/p>\n<p><!-- \/wp:list-item --><\/p>\n<p><!-- \/wp:list --><\/p>\n<\/div>\n<div class=\"wp-block-column\">\n<h4 style=\"text-align: center;\">Bolsa de empleo<\/h4>\n<p><!-- \/wp:heading --><\/p>\n<p><!-- wp:paragraph {\"align\":\"center\"} --><\/p>\n<p class=\"has-text-align-center\" style=\"text-align: center;\">Encuentra cientos de anuncios de empresas que buscan tu talento<\/p>\n<p><!-- \/wp:paragraph --><\/p>\n<p><!-- wp:image {\"align\":\"center\",\"id\":4652,\"sizeSlug\":\"full\",\"linkDestination\":\"custom\"} --><\/p>\n<figure class=\"wp-block-image aligncenter size-full\"><img decoding=\"async\" loading=\"lazy\" class=\"wp-image-5220 aligncenter\" src=\"https:\/\/ucenea.com\/site\/wp-content\/uploads\/2023\/03\/empleo-300x216.png\" alt=\"\" width=\"150\" height=\"108\" \/><\/figure>\n<p><!-- \/wp:image --><\/p>\n<p><!-- wp:list --><\/p>\n<ul>\n<li style=\"list-style-type: none;\">\n<ul><!-- wp:list-item --><\/ul>\n<\/li>\n<\/ul>\n<ul>\n<li style=\"list-style-type: none;\">\n<ul>\n<li>+ 1 000 anuncios<\/li>\n<\/ul>\n<\/li>\n<\/ul>\n<p><!-- \/wp:list-item --><\/p>\n<p><!-- wp:list-item --><\/p>\n<ul>\n<li style=\"list-style-type: none;\">\n<ul>\n<li>+ 15 profesiones<\/li>\n<\/ul>\n<\/li>\n<\/ul>\n<p><a class=\"wp-block-button__link wp-element-button\" href=\"https:\/\/aulacentral.org\" target=\"_blank\" rel=\"noreferrer noopener\">Ir a la bolsa de empleo<\/a><\/p>\n<ul>\n<li style=\"list-style-type: none;\">\u00a0<\/li>\n<\/ul>\n<p><!-- \/wp:list-item --><\/p>\n<p><!-- \/wp:list --><\/p>\n<\/div>\n<div class=\"wp-block-column\">\n<h4 style=\"text-align: center;\">Centro de I&amp;D<\/h4>\n<p><!-- \/wp:heading --><\/p>\n<p><!-- wp:paragraph {\"align\":\"center\"} --><\/p>\n<p class=\"has-text-align-center\" style=\"text-align: center;\">Centro de Investigaci\u00f3n e Innovaci\u00f3n Educativa \u2013 CENEA<\/p>\n<p><!-- \/wp:paragraph --><\/p>\n<p><!-- wp:image {\"align\":\"center\",\"id\":5106,\"width\":113,\"height\":113,\"sizeSlug\":\"full\",\"linkDestination\":\"none\"} --><\/p>\n<figure class=\"wp-block-image aligncenter size-full is-resized\"><img decoding=\"async\" loading=\"lazy\" class=\"wp-image-5211 aligncenter\" src=\"https:\/\/ucenea.com\/site\/wp-content\/uploads\/2021\/05\/Logo-CENEA-Universidad-Marzo-2023-transparente-150x150.png\" alt=\"\" width=\"80\" height=\"86\" srcset=\"https:\/\/ucenea.com\/site\/wp-content\/uploads\/2021\/05\/Logo-CENEA-Universidad-Marzo-2023-transparente-279x300.png 279w, https:\/\/ucenea.com\/site\/wp-content\/uploads\/2021\/05\/Logo-CENEA-Universidad-Marzo-2023-transparente-952x1024.png 952w, https:\/\/ucenea.com\/site\/wp-content\/uploads\/2021\/05\/Logo-CENEA-Universidad-Marzo-2023-transparente-768x826.png 768w, https:\/\/ucenea.com\/site\/wp-content\/uploads\/2021\/05\/Logo-CENEA-Universidad-Marzo-2023-transparente-120x129.png 120w, https:\/\/ucenea.com\/site\/wp-content\/uploads\/2021\/05\/Logo-CENEA-Universidad-Marzo-2023-transparente.png 1080w\" sizes=\"(max-width: 80px) 100vw, 80px\" \/><\/figure>\n<p><!-- \/wp:image --><\/p>\n<p><!-- wp:list --><\/p>\n<ul>\n<li style=\"list-style-type: none;\">\n<ul><!-- wp:list-item --><\/ul>\n<\/li>\n<\/ul>\n<ul>\n<li style=\"list-style-type: none;\">\n<ul>\n<li>+ 120 art\u00edculos<\/li>\n<\/ul>\n<\/li>\n<\/ul>\n<p><!-- \/wp:list-item --><\/p>\n<p><!-- wp:list-item --><\/p>\n<ul>\n<li style=\"list-style-type: none;\">\n<ul>\n<li>+ 30 libros<\/li>\n<\/ul>\n<\/li>\n<\/ul>\n<p><a class=\"wp-block-button__link wp-element-button\" href=\"https:\/\/academiacoerp.com\" target=\"_blank\" rel=\"noreferrer noopener\">Ir al Centro de I&amp;D<\/a><\/p>\n<\/div>\n<\/div>\n<p><!-- \/wp:columns --><\/p>\n<p><!-- wp:heading {\"level\":6} --><\/p>\n<h6 id=\"h-our-guarantee\" style=\"text-align: center;\"><em>Seguimos trabajando para brindarte cada vez m\u00e1s servicios!!<\/em><\/h6>\n<p><!-- \/wp:heading --><\/p>\t\t\t\t\t\t<\/div>\n\t\t\t\t<\/div>\n\t\t\t\t\t<\/div>\n\t\t<\/div>\n\t\t\t\t\t\t\t<\/div>\n\t\t<\/section>\n\t\t\t\t\t\t\t<\/div>\n\t\t","protected":false},"excerpt":{"rendered":"<p>Reglamento General del Centro de Educaci\u00f3n Avanzada del Oriente de M\u00e9xico (CENEA) Servicios para nuestra comunidad acad\u00e9mica CENEA proporciona a toda la comunidad acad\u00e9mica los siguientes servicios: Biblioteca digital CENEA Digital Library EVA CENEA Entorno virtual CENEA SGA Sistema acad\u00e9mico a1-academia Aula Central Cursos de educaci\u00f3n continua listos para ti Encuentra cientos de anuncios de &hellip;<\/p>\n<p class=\"read-more\"> <a class=\"\" href=\"https:\/\/ucenea.com\/site\/index.php\/services\/\"> <span class=\"screen-reader-text\">Servicios<\/span> Read More &raquo;<\/a><\/p>\n","protected":false},"author":1,"featured_media":0,"parent":0,"menu_order":0,"comment_status":"closed","ping_status":"closed","template":"","meta":{"site-sidebar-layout":"default","site-content-layout":"default","ast-global-header-display":"","ast-main-header-display":"","ast-hfb-above-header-display":"","ast-hfb-below-header-display":"","ast-hfb-mobile-header-display":"","site-post-title":"","ast-breadcrumbs-content":"","ast-featured-img":"","footer-sml-layout":"","theme-transparent-header-meta":"","adv-header-id-meta":"","stick-header-meta":"","header-above-stick-meta":"","header-main-stick-meta":"","header-below-stick-meta":""},"_links":{"self":[{"href":"https:\/\/ucenea.com\/site\/index.php\/wp-json\/wp\/v2\/pages\/5017"}],"collection":[{"href":"https:\/\/ucenea.com\/site\/index.php\/wp-json\/wp\/v2\/pages"}],"about":[{"href":"https:\/\/ucenea.com\/site\/index.php\/wp-json\/wp\/v2\/types\/page"}],"author":[{"embeddable":true,"href":"https:\/\/ucenea.com\/site\/index.php\/wp-json\/wp\/v2\/users\/1"}],"replies":[{"embeddable":true,"href":"https:\/\/ucenea.com\/site\/index.php\/wp-json\/wp\/v2\/comments?post=5017"}],"version-history":[{"count":68,"href":"https:\/\/ucenea.com\/site\/index.php\/wp-json\/wp\/v2\/pages\/5017\/revisions"}],"predecessor-version":[{"id":5677,"href":"https:\/\/ucenea.com\/site\/index.php\/wp-json\/wp\/v2\/pages\/5017\/revisions\/5677"}],"wp:attachment":[{"href":"https:\/\/ucenea.com\/site\/index.php\/wp-json\/wp\/v2\/media?parent=5017"}],"curies":[{"name":"wp","href":"https:\/\/api.w.org\/{rel}","templated":true}]}}